{"id":28859,"date":"2022-11-09T21:25:46","date_gmt":"2022-11-09T20:25:46","guid":{"rendered":"https:\/\/nawfelrouibah.com\/?page_id=28859"},"modified":"2025-07-02T23:44:51","modified_gmt":"2025-07-02T21:44:51","slug":"bio","status":"publish","type":"page","link":"https:\/\/nawfelrouibah.com\/en\/bio","title":{"rendered":"Bio"},"content":{"rendered":"<style>.wp-block-kadence-image.kb-image28859_32b6ee-4f:not(.kb-specificity-added):not(.kb-extra-specificity-added){margin-right:0px;margin-left:var(--global-kb-spacing-lg, 3rem);}.kb-image28859_32b6ee-4f.kb-image-is-ratio-size, .kb-image28859_32b6ee-4f .kb-image-is-ratio-size{max-width:243px;width:100%;}.wp-block-kadence-column > .kt-inside-inner-col > .kb-image28859_32b6ee-4f.kb-image-is-ratio-size, .wp-block-kadence-column > .kt-inside-inner-col > .kb-image28859_32b6ee-4f .kb-image-is-ratio-size{align-self:unset;}.kb-image28859_32b6ee-4f{max-width:243px;}.image-is-svg.kb-image28859_32b6ee-4f{-webkit-flex:0 1 100%;flex:0 1 100%;}.image-is-svg.kb-image28859_32b6ee-4f img{width:100%;}.kb-image28859_32b6ee-4f img.kb-img, .kb-image28859_32b6ee-4f .kb-img img{-webkit-mask-image:url(https:\/\/nawfelrouibah.com\/wp-content\/plugins\/kadence-blocks\/includes\/assets\/images\/masks\/circle.svg);mask-image:url(https:\/\/nawfelrouibah.com\/wp-content\/plugins\/kadence-blocks\/includes\/assets\/images\/masks\/circle.svg);-webkit-mask-size:auto;mask-size:auto;-webkit-mask-repeat:no-repeat;mask-repeat:no-repeat;-webkit-mask-position:center;mask-position:center;}<\/style>\n<figure class=\"wp-block-kadence-image kb-image28859_32b6ee-4f size-2048x2048 animated fadeIn\"><img loading=\"lazy\" decoding=\"async\" width=\"2048\" height=\"2048\" src=\"https:\/\/nawfelrouibah.com\/wp-content\/uploads\/2023\/10\/aaa-2048x2048.jpg\" alt=\"\" class=\"kb-img wp-image-29313\" srcset=\"https:\/\/nawfelrouibah.com\/wp-content\/uploads\/2023\/10\/aaa-2048x2048.jpg 2048w, https:\/\/nawfelrouibah.com\/wp-content\/uploads\/2023\/10\/aaa-300x300.jpg 300w, https:\/\/nawfelrouibah.com\/wp-content\/uploads\/2023\/10\/aaa-scaled-100x100.jpg 100w, https:\/\/nawfelrouibah.com\/wp-content\/uploads\/2023\/10\/aaa-scaled-600x600.jpg 600w, https:\/\/nawfelrouibah.com\/wp-content\/uploads\/2023\/10\/aaa-1024x1024.jpg 1024w, https:\/\/nawfelrouibah.com\/wp-content\/uploads\/2023\/10\/aaa-150x150.jpg 150w, https:\/\/nawfelrouibah.com\/wp-content\/uploads\/2023\/10\/aaa-768x768.jpg 768w, https:\/\/nawfelrouibah.com\/wp-content\/uploads\/2023\/10\/aaa-1536x1536.jpg 1536w, https:\/\/nawfelrouibah.com\/wp-content\/uploads\/2023\/10\/aaa-12x12.jpg 12w\" sizes=\"auto, (max-width: 2048px) 100vw, 2048px\" \/><figcaption>Nawfel Rouibah<\/figcaption><\/figure>\n\n\n<style>.wp-block-kadence-advancedheading.kt-adv-heading28859_ca2281-f1, .wp-block-kadence-advancedheading.kt-adv-heading28859_ca2281-f1[data-kb-block=\"kb-adv-heading28859_ca2281-f1\"]{margin-top:var(--global-kb-spacing-md, 2rem);margin-right:var(--global-kb-spacing-5xl, 10rem);margin-bottom:var(--global-kb-spacing-md, 2rem);margin-left:var(--global-kb-spacing-lg, 3rem);font-size:20px;line-height:2;font-weight:300;font-style:normal;}.wp-block-kadence-advancedheading.kt-adv-heading28859_ca2281-f1 mark.kt-highlight, .wp-block-kadence-advancedheading.kt-adv-heading28859_ca2281-f1[data-kb-block=\"kb-adv-heading28859_ca2281-f1\"] mark.kt-highlight{font-style:normal;color:#f76a0c;-webkit-box-decoration-break:clone;box-decoration-break:clone;padding-top:0px;padding-right:0px;padding-bottom:0px;padding-left:0px;}.wp-block-kadence-advancedheading.kt-adv-heading28859_ca2281-f1 img.kb-inline-image, .wp-block-kadence-advancedheading.kt-adv-heading28859_ca2281-f1[data-kb-block=\"kb-adv-heading28859_ca2281-f1\"] img.kb-inline-image{width:150px;vertical-align:baseline;}.wp-block-kadence-advancedheading.kt-adv-heading28859_ca2281-f1[data-kb-block=\"kb-adv-heading28859_ca2281-f1\"] a, .kt-adv-heading-link28859_ca2281-f1, .kt-adv-heading-link28859_ca2281-f1 .kt-adv-heading28859_ca2281-f1[data-kb-block=\"kb-adv-heading28859_ca2281-f1\"]{color:var(--global-palette1, #3182CE);}.wp-block-kadence-advancedheading.kt-adv-heading28859_ca2281-f1[data-kb-block=\"kb-adv-heading28859_ca2281-f1\"] a, a.kb-advanced-heading-link.kt-adv-heading-link28859_ca2281-f1{text-decoration:none;}.wp-block-kadence-advancedheading.kt-adv-heading28859_ca2281-f1[data-kb-block=\"kb-adv-heading28859_ca2281-f1\"] a:hover, a.kb-advanced-heading-link.kt-adv-heading-link28859_ca2281-f1:hover{text-decoration:underline;}@media all and (max-width: 767px){.wp-block-kadence-advancedheading.kt-adv-heading28859_ca2281-f1, .wp-block-kadence-advancedheading.kt-adv-heading28859_ca2281-f1[data-kb-block=\"kb-adv-heading28859_ca2281-f1\"]{max-width:784px;padding-top:0px;padding-right:var(--global-kb-spacing-xs, 1rem);padding-left:var(--global-kb-spacing-xs, 1rem);margin-right:0px;margin-left:0px;font-size:16px;}}<\/style>\n<h2 class=\"kt-adv-heading28859_ca2281-f1 animated fadeIn wp-block-kadence-advancedheading hls-hover_underline\" data-kb-block=\"kb-adv-heading28859_ca2281-f1\">Illustrateur bas\u00e9 \u00e0 Gen\u00e8ve, j\u2019ai lanc\u00e9 mon activit\u00e9 d\u2019ind\u00e9pendant apr\u00e8s avoir obtenu un Bachelor en Communication Visuelle option Image\/R\u00e9cit \u00e0 la HEAD \u2013 Gen\u00e8ve.<br>Passionn\u00e9 par la cr\u00e9ation d\u2019images depuis toujours, mon travail s\u2019articule principalement autour de l\u2019illustration, de l\u2019animation ainsi que de la bande dessin\u00e9e. Je pratique ces m\u00e9diums autant de fa\u00e7on num\u00e9rique que traditionnelle.<br>J\u2019aime, \u00e0 travers chaque visuel, cr\u00e9er des images fortes, marquantes et singuli\u00e8res qui interpellent celui qui les regarde. Mon univers, principalement nourri par le cin\u00e9ma, les jeux-vid\u00e9os et l\u2019Histoire, m\u00eale diff\u00e9rents registres tel que la contemplation, l\u2019humour et la violence.<br>J\u2019ai pu travailler par le pass\u00e9 avec <strong><a href=\"https:\/\/www.tdg.ch\/geneve-qg-de-la-bd-817199235512\" data-type=\"link\" data-id=\"https:\/\/www.tdg.ch\/geneve-qg-de-la-bd-817199235512\" target=\"_blank\" rel=\"noopener\">la Tribune de Gen\u00e8ve<\/a> <\/strong>ainsi qu\u2019avec<strong> <a href=\"https:\/\/www.thesciencebreaker.org\/breaks\/maths-physics-chemistry\/cellular-tornadoes-and-how-they-shape-our-organs\" data-type=\"link\" data-id=\"https:\/\/www.thesciencebreaker.org\/breaks\/maths-physics-chemistry\/cellular-tornadoes-and-how-they-shape-our-organs\" target=\"_blank\" rel=\"noopener\">le magazine de vulgarisation scientifique Science Breaker.<\/a><\/strong><\/h2>\n\n\n<style>.wp-block-kadence-advancedheading.kt-adv-heading28859_86b38f-c5, .wp-block-kadence-advancedheading.kt-adv-heading28859_86b38f-c5[data-kb-block=\"kb-adv-heading28859_86b38f-c5\"]{margin-right:var(--global-kb-spacing-5xl, 10rem);margin-left:var(--global-kb-spacing-lg, 3rem);font-size:20px;font-weight:400;font-style:normal;}.wp-block-kadence-advancedheading.kt-adv-heading28859_86b38f-c5 mark.kt-highlight, .wp-block-kadence-advancedheading.kt-adv-heading28859_86b38f-c5[data-kb-block=\"kb-adv-heading28859_86b38f-c5\"] mark.kt-highlight{font-style:normal;color:#f76a0c;-webkit-box-decoration-break:clone;box-decoration-break:clone;padding-top:0px;padding-right:0px;padding-bottom:0px;padding-left:0px;}.wp-block-kadence-advancedheading.kt-adv-heading28859_86b38f-c5 img.kb-inline-image, .wp-block-kadence-advancedheading.kt-adv-heading28859_86b38f-c5[data-kb-block=\"kb-adv-heading28859_86b38f-c5\"] img.kb-inline-image{width:150px;vertical-align:baseline;}.wp-block-kadence-advancedheading.kt-adv-heading28859_86b38f-c5[data-kb-block=\"kb-adv-heading28859_86b38f-c5\"] a, .kt-adv-heading-link28859_86b38f-c5, .kt-adv-heading-link28859_86b38f-c5 .kt-adv-heading28859_86b38f-c5[data-kb-block=\"kb-adv-heading28859_86b38f-c5\"]{color:var(--global-palette1, #3182CE);}.wp-block-kadence-advancedheading.kt-adv-heading28859_86b38f-c5[data-kb-block=\"kb-adv-heading28859_86b38f-c5\"] a, a.kb-advanced-heading-link.kt-adv-heading-link28859_86b38f-c5{text-decoration:none;}.wp-block-kadence-advancedheading.kt-adv-heading28859_86b38f-c5[data-kb-block=\"kb-adv-heading28859_86b38f-c5\"] a:hover, a.kb-advanced-heading-link.kt-adv-heading-link28859_86b38f-c5:hover{text-decoration:underline;}@media all and (max-width: 767px){.wp-block-kadence-advancedheading.kt-adv-heading28859_86b38f-c5, .wp-block-kadence-advancedheading.kt-adv-heading28859_86b38f-c5[data-kb-block=\"kb-adv-heading28859_86b38f-c5\"]{padding-right:0px;margin-right:var(--global-kb-spacing-xs, 1rem);margin-bottom:var(--global-kb-spacing-xs, 1rem);margin-left:var(--global-kb-spacing-xs, 1rem);font-size:16px;}}<\/style>\n<h2 class=\"kt-adv-heading28859_86b38f-c5 animated fadeIn wp-block-kadence-advancedheading hls-hover_underline\" data-kb-block=\"kb-adv-heading28859_86b38f-c5\">Je propose mes services en tant que freelance dans la cr\u00e9ation de visuels pour tout type de communication ou usage, pour professionnels ou particuliers. <\/h2>\n\n\n<style>.wp-block-kadence-advancedheading.kt-adv-heading28859_d7463b-f0, .wp-block-kadence-advancedheading.kt-adv-heading28859_d7463b-f0[data-kb-block=\"kb-adv-heading28859_d7463b-f0\"]{padding-left:var(--global-kb-spacing-lg, 3rem);font-size:20px;font-weight:400;font-style:normal;}.wp-block-kadence-advancedheading.kt-adv-heading28859_d7463b-f0 mark.kt-highlight, .wp-block-kadence-advancedheading.kt-adv-heading28859_d7463b-f0[data-kb-block=\"kb-adv-heading28859_d7463b-f0\"] mark.kt-highlight{font-style:normal;color:#f76a0c;-webkit-box-decoration-break:clone;box-decoration-break:clone;padding-top:0px;padding-right:0px;padding-bottom:0px;padding-left:0px;}.wp-block-kadence-advancedheading.kt-adv-heading28859_d7463b-f0 img.kb-inline-image, .wp-block-kadence-advancedheading.kt-adv-heading28859_d7463b-f0[data-kb-block=\"kb-adv-heading28859_d7463b-f0\"] img.kb-inline-image{width:150px;vertical-align:baseline;}@media all and (max-width: 767px){.wp-block-kadence-advancedheading.kt-adv-heading28859_d7463b-f0, .wp-block-kadence-advancedheading.kt-adv-heading28859_d7463b-f0[data-kb-block=\"kb-adv-heading28859_d7463b-f0\"]{padding-left:0px;margin-right:var(--global-kb-spacing-xs, 1rem);margin-bottom:var(--global-kb-spacing-md, 2rem);margin-left:var(--global-kb-spacing-xs, 1rem);font-size:16px;}}<\/style>\n<h2 class=\"kt-adv-heading28859_d7463b-f0 animated fadeIn wp-block-kadence-advancedheading\" data-kb-block=\"kb-adv-heading28859_d7463b-f0\">Je suis \u00e9galement ouvert \u00e0 toute autre forme de collaboration.<\/h2>\n\n\n<style>.wp-block-kadence-advancedheading.kt-adv-heading28859_cca61b-94, .wp-block-kadence-advancedheading.kt-adv-heading28859_cca61b-94[data-kb-block=\"kb-adv-heading28859_cca61b-94\"]{margin-right:var(--global-kb-spacing-5xl, 10rem);margin-left:var(--global-kb-spacing-lg, 3rem);font-size:20px;font-weight:400;font-style:normal;}.wp-block-kadence-advancedheading.kt-adv-heading28859_cca61b-94 mark.kt-highlight, .wp-block-kadence-advancedheading.kt-adv-heading28859_cca61b-94[data-kb-block=\"kb-adv-heading28859_cca61b-94\"] mark.kt-highlight{font-style:normal;color:#f76a0c;-webkit-box-decoration-break:clone;box-decoration-break:clone;padding-top:0px;padding-right:0px;padding-bottom:0px;padding-left:0px;}.wp-block-kadence-advancedheading.kt-adv-heading28859_cca61b-94 img.kb-inline-image, .wp-block-kadence-advancedheading.kt-adv-heading28859_cca61b-94[data-kb-block=\"kb-adv-heading28859_cca61b-94\"] img.kb-inline-image{width:150px;vertical-align:baseline;}.wp-block-kadence-advancedheading.kt-adv-heading28859_cca61b-94[data-kb-block=\"kb-adv-heading28859_cca61b-94\"] a, .kt-adv-heading-link28859_cca61b-94, .kt-adv-heading-link28859_cca61b-94 .kt-adv-heading28859_cca61b-94[data-kb-block=\"kb-adv-heading28859_cca61b-94\"]{color:var(--global-palette1, #3182CE);}.wp-block-kadence-advancedheading.kt-adv-heading28859_cca61b-94[data-kb-block=\"kb-adv-heading28859_cca61b-94\"] a, a.kb-advanced-heading-link.kt-adv-heading-link28859_cca61b-94{text-decoration:none;}.wp-block-kadence-advancedheading.kt-adv-heading28859_cca61b-94[data-kb-block=\"kb-adv-heading28859_cca61b-94\"] a:hover, a.kb-advanced-heading-link.kt-adv-heading-link28859_cca61b-94:hover{text-decoration:underline;}@media all and (max-width: 767px){.wp-block-kadence-advancedheading.kt-adv-heading28859_cca61b-94, .wp-block-kadence-advancedheading.kt-adv-heading28859_cca61b-94[data-kb-block=\"kb-adv-heading28859_cca61b-94\"]{margin-right:var(--global-kb-spacing-xs, 1rem);margin-left:var(--global-kb-spacing-xs, 1rem);font-size:16px;}}<\/style>\n<h2 class=\"kt-adv-heading28859_cca61b-94 animated fadeInUp  wp-block-kadence-advancedheading hls-hover_underline\" data-kb-block=\"kb-adv-heading28859_cca61b-94\">N&rsquo;h\u00e9sitez pas \u00e0 me contacter pour plus d&rsquo;informations et pour me parler de votre projet par mail : <strong>rouibah.nawfel@gmail.com<\/strong> ou <a href=\"https:\/\/nawfelrouibah.com\/contact\/\" data-type=\"link\" data-id=\"https:\/\/nawfelrouibah.com\/contact\/\"><strong>via le formulaire de contact.<\/strong><\/a><\/h2>\n\n\n\n<p><\/p>\n","protected":false},"excerpt":{"rendered":"<p>Illustrateur bas\u00e9 \u00e0 Gen\u00e8ve, j\u2019ai lanc\u00e9 mon activit\u00e9 d\u2019ind\u00e9pendant apr\u00e8s avoir obtenu un Bachelor en Communication Visuelle option Image\/R\u00e9cit \u00e0 la HEAD \u2013 Gen\u00e8ve.Passionn\u00e9 par la cr\u00e9ation d\u2019images depuis toujours, mon travail s\u2019articule principalement autour de l\u2019illustration, de l\u2019animation ainsi que de la bande dessin\u00e9e. Je pratique ces m\u00e9diums autant de fa\u00e7on num\u00e9rique que traditionnelle.J\u2019aime,&#8230;<\/p>","protected":false},"author":1,"featured_media":0,"parent":0,"menu_order":0,"comment_status":"closed","ping_status":"closed","template":"","meta":{"_kad_post_transparent":"","_kad_post_title":"hide","_kad_post_layout":"fullwidth","_kad_post_sidebar_id":"","_kad_post_content_style":"unboxed","_kad_post_vertical_padding":"hide","_kad_post_feature":"hide","_kad_post_feature_position":"","_kad_post_header":false,"_kad_post_footer":false,"_kad_post_classname":"","_vp_format_video_url":"","_vp_image_focal_point":[],"footnotes":""},"class_list":["post-28859","page","type-page","status-publish","hentry"],"_links":{"self":[{"href":"https:\/\/nawfelrouibah.com\/en\/wp-json\/wp\/v2\/pages\/28859","targetHints":{"allow":["GET"]}}],"collection":[{"href":"https:\/\/nawfelrouibah.com\/en\/wp-json\/wp\/v2\/pages"}],"about":[{"href":"https:\/\/nawfelrouibah.com\/en\/wp-json\/wp\/v2\/types\/page"}],"author":[{"embeddable":true,"href":"https:\/\/nawfelrouibah.com\/en\/wp-json\/wp\/v2\/users\/1"}],"replies":[{"embeddable":true,"href":"https:\/\/nawfelrouibah.com\/en\/wp-json\/wp\/v2\/comments?post=28859"}],"version-history":[{"count":73,"href":"https:\/\/nawfelrouibah.com\/en\/wp-json\/wp\/v2\/pages\/28859\/revisions"}],"predecessor-version":[{"id":29899,"href":"https:\/\/nawfelrouibah.com\/en\/wp-json\/wp\/v2\/pages\/28859\/revisions\/29899"}],"wp:attachment":[{"href":"https:\/\/nawfelrouibah.com\/en\/wp-json\/wp\/v2\/media?parent=28859"}],"curies":[{"name":"wp","href":"https:\/\/api.w.org\/{rel}","templated":true}]}}